{"id":124,"date":"2024-12-24T13:11:15","date_gmt":"2024-12-24T13:11:15","guid":{"rendered":"https:\/\/caserwis.com\/index.php\/peregrine\/"},"modified":"2025-01-14T18:26:33","modified_gmt":"2025-01-14T18:26:33","slug":"peregrine","status":"publish","type":"page","link":"https:\/\/caserwis.com\/","title":{"rendered":"CA Serwis Blacharsko Lakierniczy"},"content":{"rendered":"<div class=\"style-186 style-local-124-c1 position-relative\" data-colibri-id=\"124-c1\">\n<div id=\"features\" class=\"h-section h-section-global-spacing d-flex align-items-lg-center align-items-md-center align-items-center style-194 style-local-124-c9 position-relative\" data-colibri-component=\"section\" data-colibri-id=\"124-c9\">\n<div class=\"h-section-grid-container h-section-boxed-container\">\n<div class=\"h-row-container gutters-row-lg-2 gutters-row-md-2 gutters-row-0 gutters-row-v-lg-2 gutters-row-v-md-2 gutters-row-v-2 style-202 style-local-124-c35 position-relative\" data-colibri-id=\"124-c35\">\n<div class=\"h-row justify-content-lg-center justify-content-md-center justify-content-center align-items-lg-stretch align-items-md-stretch align-items-stretch gutters-col-lg-2 gutters-col-md-2 gutters-col-0 gutters-col-v-lg-2 gutters-col-v-md-2 gutters-col-v-2\">\n<div class=\"h-column h-column-container d-flex h-col-lg-auto h-col-md-auto h-col-auto style-203-outer style-local-124-c36-outer\">\n<div class=\"d-flex h-flex-basis h-column__inner h-px-lg-2 h-px-md-2 h-px-2 v-inner-lg-2 v-inner-md-2 v-inner-2 style-203 style-local-124-c36 position-relative\" data-colibri-id=\"124-c36\">\n<div class=\"w-100 h-y-container h-column__content h-column__v-align flex-basis-100 align-self-lg-start align-self-md-start align-self-start\">\n<div class=\"h-lead h-text h-text-component style-205 style-local-124-c38 position-relative h-element\" data-colibri-id=\"124-c38\">\n<div class=\"\">\n<h1>\u00a0<br \/>CA Serwis Blacharsko<br \/>Lakierniczy<\/h1>\n<ul>\n<li>Naprawa powa\u017cnych uszkodze\u0144<\/li>\n<li>Materia\u0142y wysokiej jako\u015bci<\/li>\n<li>Malujemy w kabinie lakierniczej<\/li>\n<li>Pracujemy z r\u00f3\u017cnymi materia\u0142ami: tworzywami sztucznymi, aluminium, \u017celazem<\/li>\n<\/ul>\n<\/div>\n<\/div>\n<\/div>\n<\/div>\n<\/div>\n<\/div>\n<\/div>\n<div class=\"h-row-container gutters-row-lg-2 gutters-row-md-2 gutters-row-2 gutters-row-v-lg-2 gutters-row-v-md-2 gutters-row-v-2 style-195 style-local-124-c10 position-relative\" data-colibri-id=\"124-c10\">\n<div class=\"h-row justify-content-lg-center justify-content-md-center justify-content-center align-items-lg-stretch align-items-md-stretch align-items-stretch gutters-col-lg-2 gutters-col-md-2 gutters-col-2 gutters-col-v-lg-2 gutters-col-v-md-2 gutters-col-v-2\">\u00a0<\/div>\n<\/div>\n<\/div>\n<\/div>\n<\/div>\n\n\n<div class=\"wp-block-kenta-blocks-group kb-group-ca474b74 kb-group\"><div class=\"kb-group-inner-container\">\n<h2 class=\"wp-block-heading has-text-align-center\">Portfolio:<\/h2>\n<\/div><\/div>\n\n\n\n<div class=\"wp-block-group has-global-padding is-layout-constrained wp-block-group-is-layout-constrained\">\n<div class=\"wp-block-kenta-blocks-row kb-row-e24b0848 kb-row\"><div class=\"kb-row-inner-container\">\n<figure class=\"wp-block-image aligncenter size-large\"><img loading=\"lazy\" decoding=\"async\" width=\"1024\" height=\"1024\" src=\"http:\/\/caserwis.com\/wp-content\/uploads\/2024\/12\/cropped-vw-1-1-1-1024x1024.jpg\" alt=\"\" class=\"wp-image-172\" style=\"aspect-ratio:4\/3;object-fit:cover\" srcset=\"https:\/\/caserwis.com\/wp-content\/uploads\/2024\/12\/cropped-vw-1-1-1-1024x1024.jpg 1024w, https:\/\/caserwis.com\/wp-content\/uploads\/2024\/12\/cropped-vw-1-1-1-300x300.jpg 300w, https:\/\/caserwis.com\/wp-content\/uploads\/2024\/12\/cropped-vw-1-1-1-150x150.jpg 150w, https:\/\/caserwis.com\/wp-content\/uploads\/2024\/12\/cropped-vw-1-1-1-768x768.jpg 768w, https:\/\/caserwis.com\/wp-content\/uploads\/2024\/12\/cropped-vw-1-1-1.jpg 1377w\" sizes=\"auto, (max-width: 1024px) 100vw, 1024px\" \/><\/figure>\n\n\n\n<figure class=\"wp-block-image aligncenter size-large\"><img loading=\"lazy\" decoding=\"async\" width=\"1024\" height=\"576\" src=\"https:\/\/caserwis.com\/wp-content\/uploads\/2024\/12\/vw-1-2-1-1024x576.jpg\" alt=\"\" class=\"wp-image-173\" style=\"aspect-ratio:4\/3;object-fit:cover\" srcset=\"https:\/\/caserwis.com\/wp-content\/uploads\/2024\/12\/vw-1-2-1-1024x576.jpg 1024w, https:\/\/caserwis.com\/wp-content\/uploads\/2024\/12\/vw-1-2-1-300x169.jpg 300w, https:\/\/caserwis.com\/wp-content\/uploads\/2024\/12\/vw-1-2-1-768x432.jpg 768w, https:\/\/caserwis.com\/wp-content\/uploads\/2024\/12\/vw-1-2-1-1536x864.jpg 1536w, https:\/\/caserwis.com\/wp-content\/uploads\/2024\/12\/vw-1-2-1.jpg 1600w\" sizes=\"auto, (max-width: 1024px) 100vw, 1024px\" \/><\/figure>\n<\/div><\/div>\n<\/div>\n\n\n\n<div class=\"wp-block-group has-global-padding is-layout-constrained wp-block-group-is-layout-constrained\">\n<div class=\"wp-block-kenta-blocks-row kb-row-33f2f026 kb-row\"><div class=\"kb-row-inner-container\">\n<figure class=\"wp-block-image aligncenter size-full\"><img loading=\"lazy\" decoding=\"async\" width=\"992\" height=\"686\" src=\"https:\/\/caserwis.com\/wp-content\/uploads\/2025\/01\/PHOTO-2025-01-09-13-24-15-2.jpg\" alt=\"\" class=\"wp-image-279\" style=\"aspect-ratio:4\/3;object-fit:cover\" srcset=\"https:\/\/caserwis.com\/wp-content\/uploads\/2025\/01\/PHOTO-2025-01-09-13-24-15-2.jpg 992w, https:\/\/caserwis.com\/wp-content\/uploads\/2025\/01\/PHOTO-2025-01-09-13-24-15-2-300x207.jpg 300w, https:\/\/caserwis.com\/wp-content\/uploads\/2025\/01\/PHOTO-2025-01-09-13-24-15-2-768x531.jpg 768w\" sizes=\"auto, (max-width: 992px) 100vw, 992px\" \/><\/figure>\n\n\n\n<figure class=\"wp-block-image aligncenter size-full\"><img loading=\"lazy\" decoding=\"async\" width=\"992\" height=\"742\" src=\"https:\/\/caserwis.com\/wp-content\/uploads\/2025\/01\/PHOTO-2025-01-09-13-24-15.jpg\" alt=\"\" class=\"wp-image-280\" style=\"aspect-ratio:4\/3;object-fit:cover\" srcset=\"https:\/\/caserwis.com\/wp-content\/uploads\/2025\/01\/PHOTO-2025-01-09-13-24-15.jpg 992w, https:\/\/caserwis.com\/wp-content\/uploads\/2025\/01\/PHOTO-2025-01-09-13-24-15-300x224.jpg 300w, https:\/\/caserwis.com\/wp-content\/uploads\/2025\/01\/PHOTO-2025-01-09-13-24-15-768x574.jpg 768w\" sizes=\"auto, (max-width: 992px) 100vw, 992px\" \/><\/figure>\n<\/div><\/div>\n<\/div>\n\n\n\n<div class=\"wp-block-group has-global-padding is-layout-constrained wp-block-group-is-layout-constrained\">\n<div class=\"wp-block-kenta-blocks-row kb-row-f7fb0725 kb-row\"><div class=\"kb-row-inner-container\">\n<figure class=\"wp-block-image aligncenter size-large\"><img loading=\"lazy\" decoding=\"async\" width=\"1024\" height=\"639\" src=\"https:\/\/caserwis.com\/wp-content\/uploads\/2025\/01\/PHOTO-2025-01-09-13-23-32-1024x639.jpg\" alt=\"\" class=\"wp-image-281\" style=\"aspect-ratio:4\/3;object-fit:cover\" srcset=\"https:\/\/caserwis.com\/wp-content\/uploads\/2025\/01\/PHOTO-2025-01-09-13-23-32-1024x639.jpg 1024w, https:\/\/caserwis.com\/wp-content\/uploads\/2025\/01\/PHOTO-2025-01-09-13-23-32-300x187.jpg 300w, https:\/\/caserwis.com\/wp-content\/uploads\/2025\/01\/PHOTO-2025-01-09-13-23-32-768x479.jpg 768w, https:\/\/caserwis.com\/wp-content\/uploads\/2025\/01\/PHOTO-2025-01-09-13-23-32.jpg 1080w\" sizes=\"auto, (max-width: 1024px) 100vw, 1024px\" \/><\/figure>\n\n\n\n<figure class=\"wp-block-image aligncenter size-large\"><img loading=\"lazy\" decoding=\"async\" width=\"1024\" height=\"681\" src=\"https:\/\/caserwis.com\/wp-content\/uploads\/2025\/01\/PHOTO-2025-01-09-13-23-31-4-1024x681.jpg\" alt=\"\" class=\"wp-image-282\" style=\"aspect-ratio:4\/3;object-fit:cover\" srcset=\"https:\/\/caserwis.com\/wp-content\/uploads\/2025\/01\/PHOTO-2025-01-09-13-23-31-4-1024x681.jpg 1024w, https:\/\/caserwis.com\/wp-content\/uploads\/2025\/01\/PHOTO-2025-01-09-13-23-31-4-300x199.jpg 300w, https:\/\/caserwis.com\/wp-content\/uploads\/2025\/01\/PHOTO-2025-01-09-13-23-31-4-768x511.jpg 768w, https:\/\/caserwis.com\/wp-content\/uploads\/2025\/01\/PHOTO-2025-01-09-13-23-31-4.jpg 1080w\" sizes=\"auto, (max-width: 1024px) 100vw, 1024px\" \/><\/figure>\n<\/div><\/div>\n<\/div>\n\n\n\n<div class=\"wp-block-group has-global-padding is-layout-constrained wp-block-group-is-layout-constrained\">\n<div class=\"wp-block-kenta-blocks-row kb-row-0400d444 kb-row\"><div class=\"kb-row-inner-container\">\n<figure class=\"wp-block-image aligncenter size-large\"><img loading=\"lazy\" decoding=\"async\" width=\"1024\" height=\"701\" src=\"https:\/\/caserwis.com\/wp-content\/uploads\/2025\/01\/PHOTO-2025-01-09-13-18-01-2-1024x701.jpg\" alt=\"\" class=\"wp-image-283\" style=\"aspect-ratio:4\/3;object-fit:cover\" srcset=\"https:\/\/caserwis.com\/wp-content\/uploads\/2025\/01\/PHOTO-2025-01-09-13-18-01-2-1024x701.jpg 1024w, https:\/\/caserwis.com\/wp-content\/uploads\/2025\/01\/PHOTO-2025-01-09-13-18-01-2-300x205.jpg 300w, https:\/\/caserwis.com\/wp-content\/uploads\/2025\/01\/PHOTO-2025-01-09-13-18-01-2-768x526.jpg 768w, https:\/\/caserwis.com\/wp-content\/uploads\/2025\/01\/PHOTO-2025-01-09-13-18-01-2.jpg 1043w\" sizes=\"auto, (max-width: 1024px) 100vw, 1024px\" \/><\/figure>\n\n\n\n<figure class=\"wp-block-image aligncenter size-large\"><img loading=\"lazy\" decoding=\"async\" width=\"1024\" height=\"685\" src=\"https:\/\/caserwis.com\/wp-content\/uploads\/2025\/01\/PHOTO-2025-01-09-13-18-01-1024x685.jpg\" alt=\"\" class=\"wp-image-284\" style=\"aspect-ratio:4\/3;object-fit:cover\" srcset=\"https:\/\/caserwis.com\/wp-content\/uploads\/2025\/01\/PHOTO-2025-01-09-13-18-01-1024x685.jpg 1024w, https:\/\/caserwis.com\/wp-content\/uploads\/2025\/01\/PHOTO-2025-01-09-13-18-01-300x201.jpg 300w, https:\/\/caserwis.com\/wp-content\/uploads\/2025\/01\/PHOTO-2025-01-09-13-18-01-768x513.jpg 768w, https:\/\/caserwis.com\/wp-content\/uploads\/2025\/01\/PHOTO-2025-01-09-13-18-01.jpg 1074w\" sizes=\"auto, (max-width: 1024px) 100vw, 1024px\" \/><\/figure>\n<\/div><\/div>\n<\/div>\n\n\n\n<div class=\"wp-block-group has-global-padding is-layout-constrained wp-block-group-is-layout-constrained\">\n<div class=\"wp-block-kenta-blocks-row kb-row-3bf6cfa6 kb-row\"><div class=\"kb-row-inner-container\">\n<figure class=\"wp-block-image aligncenter size-large\"><img loading=\"lazy\" decoding=\"async\" width=\"1024\" height=\"765\" src=\"https:\/\/caserwis.com\/wp-content\/uploads\/2024\/12\/PHOTO-2024-11-13-18-19-16-1-4-1024x765.jpg\" alt=\"\" class=\"wp-image-232\" style=\"aspect-ratio:4\/3;object-fit:cover\" srcset=\"https:\/\/caserwis.com\/wp-content\/uploads\/2024\/12\/PHOTO-2024-11-13-18-19-16-1-4-1024x765.jpg 1024w, https:\/\/caserwis.com\/wp-content\/uploads\/2024\/12\/PHOTO-2024-11-13-18-19-16-1-4-300x224.jpg 300w, https:\/\/caserwis.com\/wp-content\/uploads\/2024\/12\/PHOTO-2024-11-13-18-19-16-1-4-768x574.jpg 768w, https:\/\/caserwis.com\/wp-content\/uploads\/2024\/12\/PHOTO-2024-11-13-18-19-16-1-4.jpg 1200w\" sizes=\"auto, (max-width: 1024px) 100vw, 1024px\" \/><\/figure>\n\n\n\n<figure class=\"wp-block-image aligncenter size-large\"><img loading=\"lazy\" decoding=\"async\" width=\"1024\" height=\"768\" src=\"http:\/\/caserwis.com\/wp-content\/uploads\/2024\/12\/PHOTO-2024-11-13-18-19-16-2-1-1-1024x768.jpg\" alt=\"\" class=\"wp-image-221\" style=\"aspect-ratio:4\/3;object-fit:cover\" srcset=\"https:\/\/caserwis.com\/wp-content\/uploads\/2024\/12\/PHOTO-2024-11-13-18-19-16-2-1-1-1024x768.jpg 1024w, https:\/\/caserwis.com\/wp-content\/uploads\/2024\/12\/PHOTO-2024-11-13-18-19-16-2-1-1-300x225.jpg 300w, https:\/\/caserwis.com\/wp-content\/uploads\/2024\/12\/PHOTO-2024-11-13-18-19-16-2-1-1-768x576.jpg 768w, https:\/\/caserwis.com\/wp-content\/uploads\/2024\/12\/PHOTO-2024-11-13-18-19-16-2-1-1-1536x1152.jpg 1536w, https:\/\/caserwis.com\/wp-content\/uploads\/2024\/12\/PHOTO-2024-11-13-18-19-16-2-1-1.jpg 2016w\" sizes=\"auto, (max-width: 1024px) 100vw, 1024px\" \/><\/figure>\n<\/div><\/div>\n<\/div>\n\n\n\n<div class=\"wp-block-group has-global-padding is-layout-constrained wp-block-group-is-layout-constrained\">\n<div class=\"wp-block-kenta-blocks-row kb-row-b5909471 kb-row\"><div class=\"kb-row-inner-container\">\n<figure class=\"wp-block-image aligncenter size-large\"><img loading=\"lazy\" decoding=\"async\" width=\"1024\" height=\"768\" src=\"https:\/\/caserwis.com\/wp-content\/uploads\/2025\/01\/PHOTO-2024-11-13-18-19-17-7-2-1024x768.jpg\" alt=\"\" class=\"wp-image-238\" style=\"aspect-ratio:4\/3;object-fit:contain\" srcset=\"https:\/\/caserwis.com\/wp-content\/uploads\/2025\/01\/PHOTO-2024-11-13-18-19-17-7-2-1024x768.jpg 1024w, https:\/\/caserwis.com\/wp-content\/uploads\/2025\/01\/PHOTO-2024-11-13-18-19-17-7-2-300x225.jpg 300w, https:\/\/caserwis.com\/wp-content\/uploads\/2025\/01\/PHOTO-2024-11-13-18-19-17-7-2-768x576.jpg 768w, https:\/\/caserwis.com\/wp-content\/uploads\/2025\/01\/PHOTO-2024-11-13-18-19-17-7-2-1536x1152.jpg 1536w, https:\/\/caserwis.com\/wp-content\/uploads\/2025\/01\/PHOTO-2024-11-13-18-19-17-7-2.jpg 2048w\" sizes=\"auto, (max-width: 1024px) 100vw, 1024px\" \/><\/figure>\n\n\n\n<figure class=\"wp-block-image aligncenter size-large\"><img loading=\"lazy\" decoding=\"async\" width=\"768\" height=\"1024\" src=\"https:\/\/caserwis.com\/wp-content\/uploads\/2025\/01\/PHOTO-2024-11-13-18-19-17-2-2-768x1024.jpg\" alt=\"\" class=\"wp-image-236\" style=\"aspect-ratio:4\/3;object-fit:cover\" srcset=\"https:\/\/caserwis.com\/wp-content\/uploads\/2025\/01\/PHOTO-2024-11-13-18-19-17-2-2-768x1024.jpg 768w, https:\/\/caserwis.com\/wp-content\/uploads\/2025\/01\/PHOTO-2024-11-13-18-19-17-2-2-225x300.jpg 225w, https:\/\/caserwis.com\/wp-content\/uploads\/2025\/01\/PHOTO-2024-11-13-18-19-17-2-2-1152x1536.jpg 1152w, https:\/\/caserwis.com\/wp-content\/uploads\/2025\/01\/PHOTO-2024-11-13-18-19-17-2-2.jpg 1536w\" sizes=\"auto, (max-width: 768px) 100vw, 768px\" \/><\/figure>\n<\/div><\/div>\n<\/div>\n\n\n\n<div class=\"wp-block-group has-global-padding is-layout-constrained wp-block-group-is-layout-constrained\">\n<div class=\"wp-block-kenta-blocks-row kb-row-491b052a kb-row\"><div class=\"kb-row-inner-container\">\n<figure class=\"wp-block-image aligncenter size-large\"><img loading=\"lazy\" decoding=\"async\" width=\"1024\" height=\"768\" src=\"https:\/\/caserwis.com\/wp-content\/uploads\/2025\/01\/PHOTO-2024-11-13-20-19-17-10-1024x768.jpg\" alt=\"\" class=\"wp-image-255\" style=\"aspect-ratio:4\/3;object-fit:cover\" srcset=\"https:\/\/caserwis.com\/wp-content\/uploads\/2025\/01\/PHOTO-2024-11-13-20-19-17-10-1024x768.jpg 1024w, https:\/\/caserwis.com\/wp-content\/uploads\/2025\/01\/PHOTO-2024-11-13-20-19-17-10-300x225.jpg 300w, https:\/\/caserwis.com\/wp-content\/uploads\/2025\/01\/PHOTO-2024-11-13-20-19-17-10-768x576.jpg 768w, https:\/\/caserwis.com\/wp-content\/uploads\/2025\/01\/PHOTO-2024-11-13-20-19-17-10-1536x1152.jpg 1536w, https:\/\/caserwis.com\/wp-content\/uploads\/2025\/01\/PHOTO-2024-11-13-20-19-17-10.jpg 2048w\" sizes=\"auto, (max-width: 1024px) 100vw, 1024px\" \/><\/figure>\n\n\n\n<figure class=\"wp-block-image aligncenter size-large\"><img loading=\"lazy\" decoding=\"async\" width=\"768\" height=\"1024\" src=\"https:\/\/caserwis.com\/wp-content\/uploads\/2025\/01\/PHOTO-2024-11-13-20-19-17-8-768x1024.jpg\" alt=\"\" class=\"wp-image-256\" style=\"aspect-ratio:4\/3;object-fit:cover\" srcset=\"https:\/\/caserwis.com\/wp-content\/uploads\/2025\/01\/PHOTO-2024-11-13-20-19-17-8-768x1024.jpg 768w, https:\/\/caserwis.com\/wp-content\/uploads\/2025\/01\/PHOTO-2024-11-13-20-19-17-8-225x300.jpg 225w, https:\/\/caserwis.com\/wp-content\/uploads\/2025\/01\/PHOTO-2024-11-13-20-19-17-8-1152x1536.jpg 1152w, https:\/\/caserwis.com\/wp-content\/uploads\/2025\/01\/PHOTO-2024-11-13-20-19-17-8.jpg 1536w\" sizes=\"auto, (max-width: 768px) 100vw, 768px\" \/><\/figure>\n<\/div><\/div>\n<\/div>\n\n\n\n<div class=\"wp-block-group has-global-padding is-layout-constrained wp-block-group-is-layout-constrained\">\n<div class=\"wp-block-kenta-blocks-row kb-row-94268cf2 kb-row\"><div class=\"kb-row-inner-container\">\n<figure class=\"wp-block-image aligncenter size-large\"><img loading=\"lazy\" decoding=\"async\" width=\"768\" height=\"1024\" src=\"https:\/\/caserwis.com\/wp-content\/uploads\/2025\/01\/PHOTO-2024-11-13-18-19-18-2-1-768x1024.jpg\" alt=\"\" class=\"wp-image-240\" style=\"aspect-ratio:4\/3;object-fit:cover\" srcset=\"https:\/\/caserwis.com\/wp-content\/uploads\/2025\/01\/PHOTO-2024-11-13-18-19-18-2-1-768x1024.jpg 768w, https:\/\/caserwis.com\/wp-content\/uploads\/2025\/01\/PHOTO-2024-11-13-18-19-18-2-1-225x300.jpg 225w, https:\/\/caserwis.com\/wp-content\/uploads\/2025\/01\/PHOTO-2024-11-13-18-19-18-2-1-1152x1536.jpg 1152w, https:\/\/caserwis.com\/wp-content\/uploads\/2025\/01\/PHOTO-2024-11-13-18-19-18-2-1.jpg 1200w\" sizes=\"auto, (max-width: 768px) 100vw, 768px\" \/><\/figure>\n\n\n\n<figure class=\"wp-block-image aligncenter size-large\"><img loading=\"lazy\" decoding=\"async\" width=\"768\" height=\"1024\" src=\"https:\/\/caserwis.com\/wp-content\/uploads\/2025\/01\/PHOTO-2024-11-13-18-19-18-2-768x1024.jpg\" alt=\"\" class=\"wp-image-241\" style=\"aspect-ratio:4\/3;object-fit:cover\" srcset=\"https:\/\/caserwis.com\/wp-content\/uploads\/2025\/01\/PHOTO-2024-11-13-18-19-18-2-768x1024.jpg 768w, https:\/\/caserwis.com\/wp-content\/uploads\/2025\/01\/PHOTO-2024-11-13-18-19-18-2-225x300.jpg 225w, https:\/\/caserwis.com\/wp-content\/uploads\/2025\/01\/PHOTO-2024-11-13-18-19-18-2-1152x1536.jpg 1152w, https:\/\/caserwis.com\/wp-content\/uploads\/2025\/01\/PHOTO-2024-11-13-18-19-18-2.jpg 1512w\" sizes=\"auto, (max-width: 768px) 100vw, 768px\" \/><\/figure>\n<\/div><\/div>\n<\/div>\n\n\n\n<div class=\"wp-block-group has-global-padding is-layout-constrained wp-block-group-is-layout-constrained\">\n<div class=\"wp-block-kenta-blocks-row kb-row-a503b6f4 kb-row\"><div class=\"kb-row-inner-container\">\n<figure class=\"wp-block-image aligncenter size-large\"><img loading=\"lazy\" decoding=\"async\" width=\"768\" height=\"1024\" src=\"https:\/\/caserwis.com\/wp-content\/uploads\/2025\/01\/PHOTO-2024-11-13-20-19-18-4-768x1024.jpg\" alt=\"\" class=\"wp-image-253\" style=\"aspect-ratio:4\/3;object-fit:cover\" srcset=\"https:\/\/caserwis.com\/wp-content\/uploads\/2025\/01\/PHOTO-2024-11-13-20-19-18-4-768x1024.jpg 768w, https:\/\/caserwis.com\/wp-content\/uploads\/2025\/01\/PHOTO-2024-11-13-20-19-18-4-225x300.jpg 225w, https:\/\/caserwis.com\/wp-content\/uploads\/2025\/01\/PHOTO-2024-11-13-20-19-18-4-1152x1536.jpg 1152w, https:\/\/caserwis.com\/wp-content\/uploads\/2025\/01\/PHOTO-2024-11-13-20-19-18-4.jpg 1512w\" sizes=\"auto, (max-width: 768px) 100vw, 768px\" \/><\/figure>\n\n\n\n<figure class=\"wp-block-image size-large\"><img loading=\"lazy\" decoding=\"async\" width=\"682\" height=\"1024\" src=\"https:\/\/caserwis.com\/wp-content\/uploads\/2025\/01\/PHOTO-2024-11-13-20-19-18-2-682x1024.jpg\" alt=\"\" class=\"wp-image-254\" style=\"aspect-ratio:4\/3;object-fit:cover\" srcset=\"https:\/\/caserwis.com\/wp-content\/uploads\/2025\/01\/PHOTO-2024-11-13-20-19-18-2-682x1024.jpg 682w, https:\/\/caserwis.com\/wp-content\/uploads\/2025\/01\/PHOTO-2024-11-13-20-19-18-2-200x300.jpg 200w, https:\/\/caserwis.com\/wp-content\/uploads\/2025\/01\/PHOTO-2024-11-13-20-19-18-2-768x1153.jpg 768w, https:\/\/caserwis.com\/wp-content\/uploads\/2025\/01\/PHOTO-2024-11-13-20-19-18-2.jpg 1018w\" sizes=\"auto, (max-width: 682px) 100vw, 682px\" \/><\/figure>\n<\/div><\/div>\n\n\n\n<div class=\"wp-block-kenta-blocks-row kb-row-970e55b2 kb-row\"><div class=\"kb-row-inner-container\">\n<figure class=\"wp-block-image aligncenter size-large\"><img loading=\"lazy\" decoding=\"async\" width=\"655\" height=\"1024\" src=\"https:\/\/caserwis.com\/wp-content\/uploads\/2025\/01\/PHOTO-2025-01-09-13-23-31-3-655x1024.jpg\" alt=\"\" class=\"wp-image-286\" style=\"aspect-ratio:2\/3;object-fit:cover\" srcset=\"https:\/\/caserwis.com\/wp-content\/uploads\/2025\/01\/PHOTO-2025-01-09-13-23-31-3-655x1024.jpg 655w, https:\/\/caserwis.com\/wp-content\/uploads\/2025\/01\/PHOTO-2025-01-09-13-23-31-3-192x300.jpg 192w, https:\/\/caserwis.com\/wp-content\/uploads\/2025\/01\/PHOTO-2025-01-09-13-23-31-3-768x1201.jpg 768w, https:\/\/caserwis.com\/wp-content\/uploads\/2025\/01\/PHOTO-2025-01-09-13-23-31-3-982x1536.jpg 982w, https:\/\/caserwis.com\/wp-content\/uploads\/2025\/01\/PHOTO-2025-01-09-13-23-31-3.jpg 1023w\" sizes=\"auto, (max-width: 655px) 100vw, 655px\" \/><\/figure>\n<\/div><\/div>\n\n\n\n<div class=\"wp-block-kenta-blocks-row kb-row-51c52f89 kb-row\"><div class=\"kb-row-inner-container\">\n<figure class=\"wp-block-image aligncenter size-large\"><img loading=\"lazy\" decoding=\"async\" width=\"1024\" height=\"712\" src=\"https:\/\/caserwis.com\/wp-content\/uploads\/2025\/01\/PHOTO-2025-01-09-13-23-31-2-1024x712.jpg\" alt=\"\" class=\"wp-image-290\" style=\"aspect-ratio:4\/3;object-fit:cover\" srcset=\"https:\/\/caserwis.com\/wp-content\/uploads\/2025\/01\/PHOTO-2025-01-09-13-23-31-2-1024x712.jpg 1024w, https:\/\/caserwis.com\/wp-content\/uploads\/2025\/01\/PHOTO-2025-01-09-13-23-31-2-300x208.jpg 300w, https:\/\/caserwis.com\/wp-content\/uploads\/2025\/01\/PHOTO-2025-01-09-13-23-31-2-768x534.jpg 768w, https:\/\/caserwis.com\/wp-content\/uploads\/2025\/01\/PHOTO-2025-01-09-13-23-31-2.jpg 1026w\" sizes=\"auto, (max-width: 1024px) 100vw, 1024px\" \/><\/figure>\n\n\n\n<figure class=\"wp-block-image size-full\"><img loading=\"lazy\" decoding=\"async\" width=\"1003\" height=\"692\" src=\"https:\/\/caserwis.com\/wp-content\/uploads\/2025\/01\/PHOTO-2025-01-09-13-23-31.jpg\" alt=\"\" class=\"wp-image-289\" style=\"aspect-ratio:1.3333333333333333;object-fit:cover\" srcset=\"https:\/\/caserwis.com\/wp-content\/uploads\/2025\/01\/PHOTO-2025-01-09-13-23-31.jpg 1003w, https:\/\/caserwis.com\/wp-content\/uploads\/2025\/01\/PHOTO-2025-01-09-13-23-31-300x207.jpg 300w, https:\/\/caserwis.com\/wp-content\/uploads\/2025\/01\/PHOTO-2025-01-09-13-23-31-768x530.jpg 768w\" sizes=\"auto, (max-width: 1003px) 100vw, 1003px\" \/><\/figure>\n<\/div><\/div>\n<\/div>\n\n\n\n<p><\/p>\n","protected":false},"excerpt":{"rendered":"<p>\u00a0CA Serwis BlacharskoLakierniczy Naprawa powa\u017cnych uszkodze\u0144 Materia\u0142y wysokiej jako\u015bci Malujemy w kabinie lakierniczej Pracujemy z r\u00f3\u017cnymi materia\u0142ami: tworzywami sztucznymi, aluminium, \u017celazem \u00a0<\/p>\n","protected":false},"author":1,"featured_media":0,"parent":0,"menu_order":0,"comment_status":"closed","ping_status":"closed","template":"page-templates\/homepage.php","meta":{"site-container-style":"default","site-container-layout":"default","site-sidebar-layout":"default","site-transparent-header":"default","disable-article-header":"default","disable-site-header":"default","disable-site-footer":"default","disable-content-area-spacing":"default","footnotes":""},"class_list":["post-124","page","type-page","status-publish","hentry"],"_links":{"self":[{"href":"https:\/\/caserwis.com\/index.php\/wp-json\/wp\/v2\/pages\/124","targetHints":{"allow":["GET"]}}],"collection":[{"href":"https:\/\/caserwis.com\/index.php\/wp-json\/wp\/v2\/pages"}],"about":[{"href":"https:\/\/caserwis.com\/index.php\/wp-json\/wp\/v2\/types\/page"}],"author":[{"embeddable":true,"href":"https:\/\/caserwis.com\/index.php\/wp-json\/wp\/v2\/users\/1"}],"replies":[{"embeddable":true,"href":"https:\/\/caserwis.com\/index.php\/wp-json\/wp\/v2\/comments?post=124"}],"version-history":[{"count":55,"href":"https:\/\/caserwis.com\/index.php\/wp-json\/wp\/v2\/pages\/124\/revisions"}],"predecessor-version":[{"id":302,"href":"https:\/\/caserwis.com\/index.php\/wp-json\/wp\/v2\/pages\/124\/revisions\/302"}],"wp:attachment":[{"href":"https:\/\/caserwis.com\/index.php\/wp-json\/wp\/v2\/media?parent=124"}],"curies":[{"name":"wp","href":"https:\/\/api.w.org\/{rel}","templated":true}]}}